{"id":3431,"date":"2026-01-28T08:12:32","date_gmt":"2026-01-28T08:12:32","guid":{"rendered":"https:\/\/ejalbum.com\/?page_id=3431"},"modified":"2026-02-27T08:14:22","modified_gmt":"2026-02-27T08:14:22","slug":"privacy-policy","status":"publish","type":"page","link":"https:\/\/ejalbum.com\/sq\/privacy-policy\/","title":{"rendered":"privacy policy"},"content":{"rendered":"<div data-elementor-type=\"wp-page\" data-elementor-id=\"3431\" class=\"elementor elementor-3431\" data-elementor-post-type=\"page\">\n\t\t\t\t<div class=\"elementor-element elementor-element-91acfb1 e-flex e-con-boxed wpr-particle-no wpr-jarallax-no wpr-parallax-no wpr-sticky-section-no e-con e-parent\" data-id=\"91acfb1\" data-element_type=\"container\" data-e-type=\"container\">\n\t\t\t\t\t<div class=\"e-con-inner\">\n\t\t\t\t<div class=\"elementor-element elementor-element-21dc524 elementor-widget elementor-widget-heading\" data-id=\"21dc524\" data-element_type=\"widget\" data-e-type=\"widget\" data-widget_type=\"heading.default\">\n\t\t\t\t\t<h2 class=\"elementor-heading-title elementor-size-default\">Politika e Privat\u00ebsis\u00eb<\/h2>\t\t\t\t<\/div>\n\t\t\t\t<div class=\"elementor-element elementor-element-dea9d3e elementor-widget elementor-widget-text-editor\" data-id=\"dea9d3e\" data-element_type=\"widget\" data-e-type=\"widget\" data-widget_type=\"text-editor.default\">\n\t\t\t\t\t\t\t\t\t<p>\u2013 Politika e Privat\u00ebsis\u00eb dhe Rregullat e Faqes s\u00eb Internetit t\u00eb EJAlbum<\/p><p>Duke hyr\u00eb n\u00eb k\u00ebt\u00eb faqe interneti, ju pranoni se i keni lexuar dhe pranuar kushtet e m\u00ebposhtme:<br \/>Kjo faqe interneti n\u00eb t\u00eb cil\u00ebn keni hyr\u00eb, www.ejalbum.com (dhe \u00e7do faqe tjet\u00ebr interneti e lidhur me t\u00eb), \u00ebsht\u00eb\/jan\u00eb faqja\/faqet zyrtare t\u00eb internetit t\u00eb EJAlbum. N\u00eb k\u00ebto faqe, p\u00ebrdoruesi mund t\u00eb has\u00eb formular\u00eb ose formular\u00eb t\u00eb ndrysh\u00ebm (p\u00ebr shembull: regjistrimi p\u00ebr list\u00ebn e p\u00ebrdit\u00ebsuar, por pa u kufizuar vet\u00ebm n\u00eb to). N\u00eb fusha t\u00eb ndryshme t\u00eb k\u00ebtyre formular\u00ebve ose formular\u00ebve, mund t\u00eb lind\u00eb nevoja p\u00ebr t\u00eb futur t\u00eb dh\u00ebna personale. EJAlbum siguron \u00e7do p\u00ebrdorues se t\u00eb dh\u00ebnat q\u00eb arrijn\u00eb n\u00eb baz\u00ebn e saj t\u00eb t\u00eb dh\u00ebnave, kompania i ofron me nj\u00eb sistem ruajtjeje dhe \u00ebsht\u00eb e angazhuar p\u00ebr t\u00eb zbatuar me rigorozitet t\u00eb gjith\u00eb kuadrin ligjor n\u00eb mbrojtjen dhe respektimin e \u00e7do veprimi q\u00eb lidhet me t\u00eb dh\u00ebnat e p\u00ebrdoruesit, si\u00e7 p\u00ebrcaktohet nga Kushtetuta e Republik\u00ebs s\u00eb Shqip\u00ebris\u00eb, Ligji n\u00eb fuqi (Nr. 9887 dat\u00eb 10.03.2008) \"P\u00ebr Mbrojtjen e t\u00eb Dh\u00ebnave Personale\" dhe aktet n\u00ebnligjore plot\u00ebsuese.<br \/>P\u00ebrdoruesi gjithashtu konfirmon v\u00ebrtet\u00ebsin\u00eb dhe sakt\u00ebsin\u00eb e t\u00eb gjitha t\u00eb dh\u00ebnave t\u00eb plot\u00ebsuara prej tij n\u00eb formate ose formular\u00eb t\u00eb ndrysh\u00ebm. Duke plot\u00ebsuar \u00e7do formular ose formular dhe duke shtypur butonin \"vazhdo\", p\u00ebrdoruesi pranon t\u00eb drejt\u00ebn e EJAlbum p\u00ebr t\u00eb p\u00ebrdorur brenda kompanis\u00eb, vet\u00ebm p\u00ebr q\u00ebllimin e k\u00ebrkuar nga p\u00ebrdoruesi, informacionin e plot\u00ebsuar si dhe p\u00ebrpunimin e m\u00ebtejsh\u00ebm t\u00eb tij nga kompania jon\u00eb.<br \/>N\u00eb faqen zyrtare t\u00eb internetit do t\u00eb gjeni foto t\u00eb ndryshme. EJAlbum siguron q\u00eb ka marr\u00eb t\u00eb gjitha t\u00eb drejtat e p\u00ebrdorimit p\u00ebr q\u00ebllime ekspozimi nga fotograf\u00ebt dhe se t\u00eb gjitha t\u00eb drejtat i mbeten fotografit. N\u00ebse keni ndonj\u00eb kund\u00ebrshtim ndaj ekspozimit t\u00eb fotos suaj, ju lutemi kontaktoni fotografin tuaj.<br \/>Bazuar n\u00eb Ligjin Nr. 9887 dat\u00eb 10.03.2008, p\u00ebrdoruesi, n\u00ebp\u00ebrmjet nj\u00eb k\u00ebrkese, ka t\u00eb drejt\u00eb t\u00eb k\u00ebrkoj\u00eb t\u00eb shoh\u00eb t\u00eb dh\u00ebnat e tij\/saj personale t\u00eb dh\u00ebna vullnetarisht, ose t\u00eb k\u00ebrkoj\u00eb korrigjimin e tyre.<\/p>\t\t\t\t\t\t\t\t<\/div>\n\t\t\t\t\t<\/div>\n\t\t\t\t<\/div>\n\t\t<div class=\"elementor-element elementor-element-97c2b08 e-flex e-con-boxed wpr-particle-no wpr-jarallax-no wpr-parallax-no wpr-sticky-section-no e-con e-parent\" data-id=\"97c2b08\" data-element_type=\"container\" data-e-type=\"container\">\n\t\t\t\t\t<div class=\"e-con-inner\">\n\t\t\t\t<div class=\"elementor-element elementor-element-20c4cc9 elementor-widget elementor-widget-heading\" data-id=\"20c4cc9\" data-element_type=\"widget\" data-e-type=\"widget\" data-widget_type=\"heading.default\">\n\t\t\t\t\t<h2 class=\"elementor-heading-title elementor-size-default\">FALEMINDERIT !<\/h2>\t\t\t\t<\/div>\n\t\t\t\t\t<\/div>\n\t\t\t\t<\/div>\n\t\t\t\t<\/div>","protected":false},"excerpt":{"rendered":"<p>Privacy Policy \u2013 Privacy Policy and Website Rules of EJAlbum By accessing this website, you acknowledge that you have read and accepted the following terms:This website you have accessed, www.ejalbum.com (and any other website linked to it), is\/are the official website(s) of EJAlbum. On these pages, the user may encounter various forms or forms (for example: registration for the update list, but not limited to). In various fields of these forms or forms, the need to enter personal data may arise. EJAlbum assures every user that the data that reaches its database, the company provides with a storage system and is committed to rigorously implementing the entire legal framework in the protection and respect of every action related to user data, as defined by the Constitution of the Republic of Albania, the Law in force (No. 9887 dated 10.03.2008) &#8220;On the Protection of Personal Data&#8221; and the supplementary by-laws.The user also confirms the authenticity and accuracy of all data filled in by him in the various formats or forms. By filling in any form or form and pressing the continue button, the user accepts the right of EJAlbum to use internally, only for the purpose requested by the user, the information filled in as well as their further processing by our company.On the official website you will be able to find various photos. EJAlbum ensures that it has obtained all rights of use for exhibition purposes from the photographers and that all rights remain with the photographer. If you have any objections to the exhibition of your photo, please contact your photographer.Based on Law No. 9887 dated 10.03.2008, the user, through a request, has the right to request to see his\/her personal data voluntarily provided, or to request their correction. THANK YOU !<\/p>","protected":false},"author":1,"featured_media":0,"parent":0,"menu_order":0,"comment_status":"closed","ping_status":"closed","template":"","meta":{"_acf_changed":false,"footnotes":""},"class_list":["post-3431","page","type-page","status-publish","hentry"],"acf":[],"yoast_head":"<!-- This site is optimized with the Yoast SEO Premium plugin v26.9 (Yoast SEO v27.3) - https:\/\/yoast.com\/product\/yoast-seo-premium-wordpress\/ -->\n<title>privacy policy - Ejalbum<\/title>\n<meta name=\"robots\" content=\"index, follow, max-snippet:-1, max-image-preview:large, max-video-preview:-1\" \/>\n<link rel=\"canonical\" href=\"https:\/\/ejalbum.com\/sq\/privacy-policy\/\" \/>\n<meta property=\"og:locale\" content=\"sq_AL\" \/>\n<meta property=\"og:type\" content=\"article\" \/>\n<meta property=\"og:title\" content=\"privacy policy\" \/>\n<meta property=\"og:description\" content=\"Privacy Policy \u2013 Privacy Policy and Website Rules of EJAlbum By accessing this website, you acknowledge that you have read and accepted the following terms:This website you have accessed, www.ejalbum.com (and any other website linked to it), is\/are the official website(s) of EJAlbum. On these pages, the user may encounter various forms or forms (for example: registration for the update list, but not limited to). In various fields of these forms or forms, the need to enter personal data may arise. EJAlbum assures every user that the data that reaches its database, the company provides with a storage system and is committed to rigorously implementing the entire legal framework in the protection and respect of every action related to user data, as defined by the Constitution of the Republic of Albania, the Law in force (No. 9887 dated 10.03.2008) &#8220;On the Protection of Personal Data&#8221; and the supplementary by-laws.The user also confirms the authenticity and accuracy of all data filled in by him in the various formats or forms. By filling in any form or form and pressing the continue button, the user accepts the right of EJAlbum to use internally, only for the purpose requested by the user, the information filled in as well as their further processing by our company.On the official website you will be able to find various photos. EJAlbum ensures that it has obtained all rights of use for exhibition purposes from the photographers and that all rights remain with the photographer. If you have any objections to the exhibition of your photo, please contact your photographer.Based on Law No. 9887 dated 10.03.2008, the user, through a request, has the right to request to see his\/her personal data voluntarily provided, or to request their correction. THANK YOU !\" \/>\n<meta property=\"og:url\" content=\"https:\/\/ejalbum.com\/sq\/privacy-policy\/\" \/>\n<meta property=\"og:site_name\" content=\"Ejalbum\" \/>\n<meta property=\"article:publisher\" content=\"https:\/\/www.facebook.com\/EJAlbum\/\" \/>\n<meta property=\"article:modified_time\" content=\"2026-02-27T08:14:22+00:00\" \/>\n<meta name=\"twitter:card\" content=\"summary_large_image\" \/>\n<meta name=\"twitter:label1\" content=\"Est. reading time\" \/>\n\t<meta name=\"twitter:data1\" content=\"1 minut\u00eb\" \/>\n<script type=\"application\/ld+json\" class=\"yoast-schema-graph\">{\"@context\":\"https:\\\/\\\/schema.org\",\"@graph\":[{\"@type\":\"WebPage\",\"@id\":\"https:\\\/\\\/ejalbum.com\\\/privacy-policy\\\/\",\"url\":\"https:\\\/\\\/ejalbum.com\\\/privacy-policy\\\/\",\"name\":\"privacy policy - Ejalbum\",\"isPartOf\":{\"@id\":\"https:\\\/\\\/ejalbum.com\\\/#website\"},\"datePublished\":\"2026-01-28T08:12:32+00:00\",\"dateModified\":\"2026-02-27T08:14:22+00:00\",\"breadcrumb\":{\"@id\":\"https:\\\/\\\/ejalbum.com\\\/privacy-policy\\\/#breadcrumb\"},\"inLanguage\":\"sq\",\"potentialAction\":[{\"@type\":\"ReadAction\",\"target\":[\"https:\\\/\\\/ejalbum.com\\\/privacy-policy\\\/\"]}]},{\"@type\":\"BreadcrumbList\",\"@id\":\"https:\\\/\\\/ejalbum.com\\\/privacy-policy\\\/#breadcrumb\",\"itemListElement\":[{\"@type\":\"ListItem\",\"position\":1,\"name\":\"Home\",\"item\":\"https:\\\/\\\/ejalbum.com\\\/\"},{\"@type\":\"ListItem\",\"position\":2,\"name\":\"privacy policy\"}]},{\"@type\":\"WebSite\",\"@id\":\"https:\\\/\\\/ejalbum.com\\\/#website\",\"url\":\"https:\\\/\\\/ejalbum.com\\\/\",\"name\":\"Ejalbum\",\"description\":\"Because Emotions Matter\",\"publisher\":{\"@id\":\"https:\\\/\\\/ejalbum.com\\\/#organization\"},\"potentialAction\":[{\"@type\":\"SearchAction\",\"target\":{\"@type\":\"EntryPoint\",\"urlTemplate\":\"https:\\\/\\\/ejalbum.com\\\/?s={search_term_string}\"},\"query-input\":{\"@type\":\"PropertyValueSpecification\",\"valueRequired\":true,\"valueName\":\"search_term_string\"}}],\"inLanguage\":\"sq\"},{\"@type\":\"Organization\",\"@id\":\"https:\\\/\\\/ejalbum.com\\\/#organization\",\"name\":\"Ejalbum\",\"url\":\"https:\\\/\\\/ejalbum.com\\\/\",\"logo\":{\"@type\":\"ImageObject\",\"inLanguage\":\"sq\",\"@id\":\"https:\\\/\\\/ejalbum.com\\\/#\\\/schema\\\/logo\\\/image\\\/\",\"url\":\"https:\\\/\\\/ejalbum.com\\\/wp-content\\\/uploads\\\/2025\\\/12\\\/Logo-EJAlbum-1.png\",\"contentUrl\":\"https:\\\/\\\/ejalbum.com\\\/wp-content\\\/uploads\\\/2025\\\/12\\\/Logo-EJAlbum-1.png\",\"width\":1210,\"height\":358,\"caption\":\"Ejalbum\"},\"image\":{\"@id\":\"https:\\\/\\\/ejalbum.com\\\/#\\\/schema\\\/logo\\\/image\\\/\"},\"sameAs\":[\"https:\\\/\\\/www.facebook.com\\\/EJAlbum\\\/\",\"https:\\\/\\\/www.instagram.com\\\/ejalbum\\\/\",\"https:\\\/\\\/www.youtube.com\\\/user\\\/ejalbum\"]}]}<\/script>\n<!-- \/ Yoast SEO Premium plugin. -->","yoast_head_json":{"title":"privacy policy - Ejalbum","robots":{"index":"index","follow":"follow","max-snippet":"max-snippet:-1","max-image-preview":"max-image-preview:large","max-video-preview":"max-video-preview:-1"},"canonical":"https:\/\/ejalbum.com\/sq\/privacy-policy\/","og_locale":"sq_AL","og_type":"article","og_title":"privacy policy","og_description":"Privacy Policy \u2013 Privacy Policy and Website Rules of EJAlbum By accessing this website, you acknowledge that you have read and accepted the following terms:This website you have accessed, www.ejalbum.com (and any other website linked to it), is\/are the official website(s) of EJAlbum. On these pages, the user may encounter various forms or forms (for example: registration for the update list, but not limited to). In various fields of these forms or forms, the need to enter personal data may arise. EJAlbum assures every user that the data that reaches its database, the company provides with a storage system and is committed to rigorously implementing the entire legal framework in the protection and respect of every action related to user data, as defined by the Constitution of the Republic of Albania, the Law in force (No. 9887 dated 10.03.2008) &#8220;On the Protection of Personal Data&#8221; and the supplementary by-laws.The user also confirms the authenticity and accuracy of all data filled in by him in the various formats or forms. By filling in any form or form and pressing the continue button, the user accepts the right of EJAlbum to use internally, only for the purpose requested by the user, the information filled in as well as their further processing by our company.On the official website you will be able to find various photos. EJAlbum ensures that it has obtained all rights of use for exhibition purposes from the photographers and that all rights remain with the photographer. If you have any objections to the exhibition of your photo, please contact your photographer.Based on Law No. 9887 dated 10.03.2008, the user, through a request, has the right to request to see his\/her personal data voluntarily provided, or to request their correction. THANK YOU !","og_url":"https:\/\/ejalbum.com\/sq\/privacy-policy\/","og_site_name":"Ejalbum","article_publisher":"https:\/\/www.facebook.com\/EJAlbum\/","article_modified_time":"2026-02-27T08:14:22+00:00","twitter_card":"summary_large_image","twitter_misc":{"Est. reading time":"1 minut\u00eb"},"schema":{"@context":"https:\/\/schema.org","@graph":[{"@type":"WebPage","@id":"https:\/\/ejalbum.com\/privacy-policy\/","url":"https:\/\/ejalbum.com\/privacy-policy\/","name":"privacy policy - Ejalbum","isPartOf":{"@id":"https:\/\/ejalbum.com\/#website"},"datePublished":"2026-01-28T08:12:32+00:00","dateModified":"2026-02-27T08:14:22+00:00","breadcrumb":{"@id":"https:\/\/ejalbum.com\/privacy-policy\/#breadcrumb"},"inLanguage":"sq","potentialAction":[{"@type":"ReadAction","target":["https:\/\/ejalbum.com\/privacy-policy\/"]}]},{"@type":"BreadcrumbList","@id":"https:\/\/ejalbum.com\/privacy-policy\/#breadcrumb","itemListElement":[{"@type":"ListItem","position":1,"name":"Home","item":"https:\/\/ejalbum.com\/"},{"@type":"ListItem","position":2,"name":"privacy policy"}]},{"@type":"WebSite","@id":"https:\/\/ejalbum.com\/#website","url":"https:\/\/ejalbum.com\/","name":"Ejalbum","description":"Because Emotions Matter","publisher":{"@id":"https:\/\/ejalbum.com\/#organization"},"potentialAction":[{"@type":"SearchAction","target":{"@type":"EntryPoint","urlTemplate":"https:\/\/ejalbum.com\/?s={search_term_string}"},"query-input":{"@type":"PropertyValueSpecification","valueRequired":true,"valueName":"search_term_string"}}],"inLanguage":"sq"},{"@type":"Organization","@id":"https:\/\/ejalbum.com\/#organization","name":"Ejalbum","url":"https:\/\/ejalbum.com\/","logo":{"@type":"ImageObject","inLanguage":"sq","@id":"https:\/\/ejalbum.com\/#\/schema\/logo\/image\/","url":"https:\/\/ejalbum.com\/wp-content\/uploads\/2025\/12\/Logo-EJAlbum-1.png","contentUrl":"https:\/\/ejalbum.com\/wp-content\/uploads\/2025\/12\/Logo-EJAlbum-1.png","width":1210,"height":358,"caption":"Ejalbum"},"image":{"@id":"https:\/\/ejalbum.com\/#\/schema\/logo\/image\/"},"sameAs":["https:\/\/www.facebook.com\/EJAlbum\/","https:\/\/www.instagram.com\/ejalbum\/","https:\/\/www.youtube.com\/user\/ejalbum"]}]}},"_links":{"self":[{"href":"https:\/\/ejalbum.com\/sq\/wp-json\/wp\/v2\/pages\/3431","targetHints":{"allow":["GET"]}}],"collection":[{"href":"https:\/\/ejalbum.com\/sq\/wp-json\/wp\/v2\/pages"}],"about":[{"href":"https:\/\/ejalbum.com\/sq\/wp-json\/wp\/v2\/types\/page"}],"author":[{"embeddable":true,"href":"https:\/\/ejalbum.com\/sq\/wp-json\/wp\/v2\/users\/1"}],"replies":[{"embeddable":true,"href":"https:\/\/ejalbum.com\/sq\/wp-json\/wp\/v2\/comments?post=3431"}],"version-history":[{"count":0,"href":"https:\/\/ejalbum.com\/sq\/wp-json\/wp\/v2\/pages\/3431\/revisions"}],"wp:attachment":[{"href":"https:\/\/ejalbum.com\/sq\/wp-json\/wp\/v2\/media?parent=3431"}],"curies":[{"name":"wp","href":"https:\/\/api.w.org\/{rel}","templated":true}]}}