{"id":5441,"date":"2026-03-03T08:57:19","date_gmt":"2026-03-03T08:57:19","guid":{"rendered":"https:\/\/ejalbum.com\/?page_id=5441"},"modified":"2026-03-04T11:52:03","modified_gmt":"2026-03-04T11:52:03","slug":"projects","status":"publish","type":"page","link":"https:\/\/ejalbum.com\/sq\/projects\/","title":{"rendered":"Afatgjat\u00eb"},"content":{"rendered":"<div data-elementor-type=\"wp-page\" data-elementor-id=\"5441\" class=\"elementor elementor-5441\" data-elementor-post-type=\"page\">\n\t\t\t\t<div class=\"elementor-element elementor-element-941e45e e-con-full elementor-hidden-mobile e-flex wpr-particle-no wpr-jarallax-no wpr-parallax-no wpr-sticky-section-no e-con e-parent\" data-id=\"941e45e\" data-element_type=\"container\" data-e-type=\"container\">\n\t\t\t\t<div class=\"elementor-element elementor-element-02291ab elementor-widget elementor-widget-video\" data-id=\"02291ab\" data-element_type=\"widget\" data-e-type=\"widget\" data-settings=\"{&quot;video_type&quot;:&quot;vimeo&quot;,&quot;autoplay&quot;:&quot;yes&quot;,&quot;mute&quot;:&quot;yes&quot;,&quot;loop&quot;:&quot;yes&quot;}\" data-widget_type=\"video.default\">\n\t\t\t\t\t\t\t<div class=\"elementor-wrapper elementor-open-inline\">\n\t\t\t<iframe class=\"elementor-video-iframe\" allowfullscreen allow=\"autoplay\" title=\"Vimeo Video Player\" src=\"https:\/\/player.vimeo.com\/video\/799788138?autoplay=1&amp;color&amp;autopause=0&amp;loop=1&amp;muted=1&amp;title=0&amp;portrait=0&amp;byline=0#t=\"><\/iframe>\t\t<\/div>\n\t\t\t\t\t\t<\/div>\n\t\t\t\t<\/div>\n\t\t<div class=\"elementor-element elementor-element-5548026 e-flex e-con-boxed wpr-particle-no wpr-jarallax-no wpr-parallax-no wpr-sticky-section-no e-con e-parent\" data-id=\"5548026\" data-element_type=\"container\" data-e-type=\"container\">\n\t\t\t\t\t<div class=\"e-con-inner\">\n\t\t\t\t<div class=\"elementor-element elementor-element-6233f3d elementor-widget elementor-widget-heading\" data-id=\"6233f3d\" data-element_type=\"widget\" data-e-type=\"widget\" data-widget_type=\"heading.default\">\n\t\t\t\t\t<h2 class=\"elementor-heading-title elementor-size-default\">PROJEKTE<\/h2>\t\t\t\t<\/div>\n\t\t\t\t<div class=\"elementor-element elementor-element-05f86a8 elementor-widget elementor-widget-text-editor\" data-id=\"05f86a8\" data-element_type=\"widget\" data-e-type=\"widget\" data-widget_type=\"text-editor.default\">\n\t\t\t\t\t\t\t\t\t<p>Gjat\u00eb gjith\u00eb k\u00ebtyre viteve, ne kemi qen\u00eb t\u00eb p\u00ebrfshir\u00eb dhe n\u00eb kontakt me artin dhe fotografin\u00eb n\u00eb t\u00eb gjitha format e tjera t\u00eb saj. K\u00ebshtu, vet\u00ebm dhe n\u00eb bashk\u00ebpunim me partner\u00ebt tan\u00eb strategjik\u00eb, kemi krijuar rreth nesh dhe projekteve tona nj\u00eb komunitet t\u00eb v\u00ebrtet\u00eb me artist\u00eb, fotograf\u00eb, dizajner\u00eb, nga t\u00eb gjitha fushat, publik t\u00eb apasionuar, etj.<\/p>\t\t\t\t\t\t\t\t<\/div>\n\t\t\t\t\t<\/div>\n\t\t\t\t<\/div>\n\t\t<div class=\"elementor-element elementor-element-6c19129 e-flex e-con-boxed wpr-particle-no wpr-jarallax-no wpr-parallax-no wpr-sticky-section-no e-con e-parent\" data-id=\"6c19129\" data-element_type=\"container\" data-e-type=\"container\">\n\t\t\t\t\t<div class=\"e-con-inner\">\n\t\t<div class=\"elementor-element elementor-element-4f6f475 e-con-full e-flex wpr-particle-no wpr-jarallax-no wpr-parallax-no wpr-sticky-section-no e-con e-child\" data-id=\"4f6f475\" data-element_type=\"container\" data-e-type=\"container\">\n\t\t<div class=\"elementor-element elementor-element-f7bf08e e-con-full e-flex wpr-particle-no wpr-jarallax-no wpr-parallax-no wpr-sticky-section-no e-con e-child\" data-id=\"f7bf08e\" data-element_type=\"container\" data-e-type=\"container\">\n\t\t\t\t<div class=\"elementor-element elementor-element-67c0115 elementor-widget elementor-widget-text-editor\" data-id=\"67c0115\" data-element_type=\"widget\" data-e-type=\"widget\" data-widget_type=\"text-editor.default\">\n\t\t\t\t\t\t\t\t\t<p><strong>Ne jemi autor\u00eb dhe producent\u00eb t\u00eb:<\/strong><\/p><ul><li>\u201cOnufri Remade\u201c<\/li><li>\u201cAE Accademy Albania\u201d<\/li><li>\u201cHap\u00ebsira Zero Space\u201d<\/li><li>\u201cDit\u00ebt e Fotografis\u00eb Italiane n\u00eb Tiran\u00eb\u201d<\/li><li>\u201cPhotography Showcase\u201d<\/li><li>\u201cBest Photography Award\u201d<\/li><li>\u201cFotokamera m\u00eb e mire\u201d<\/li><li>\u201cKursi i Fotografis\u00eb Yunus Emre\u201d<\/li><\/ul>\t\t\t\t\t\t\t\t<\/div>\n\t\t\t\t<\/div>\n\t\t<div class=\"elementor-element elementor-element-cf02ab4 e-con-full e-flex wpr-particle-no wpr-jarallax-no wpr-parallax-no wpr-sticky-section-no e-con e-child\" data-id=\"cf02ab4\" data-element_type=\"container\" data-e-type=\"container\">\n\t\t\t\t<div class=\"elementor-element elementor-element-7976d40 elementor-widget elementor-widget-text-editor\" data-id=\"7976d40\" data-element_type=\"widget\" data-e-type=\"widget\" data-widget_type=\"text-editor.default\">\n\t\t\t\t\t\t\t\t\t<p><strong>Ne kemi bashk\u00ebpunuar n\u00eb evente t\u00eb artit pamor, t\u00eb tilla si:<\/strong><\/p><ul><li>\u201cTirana International Film Festival\u201c<\/li><li>\u201cFOKUS\u201d \u2013 International Artistic Photography Contest<\/li><li>\u201cPreFoto\u201d \u2013 International Photography Competition<\/li><li>Mediterranea18<\/li><li>TiranaOpen<\/li><li>Albanian Pavilion 2018 \u2013 LA Biennale di Venezia<\/li><\/ul>\t\t\t\t\t\t\t\t<\/div>\n\t\t\t\t<\/div>\n\t\t\t\t<\/div>\n\t\t<div class=\"elementor-element elementor-element-4ef0c02 e-con-full e-flex wpr-particle-no wpr-jarallax-no wpr-parallax-no wpr-sticky-section-no e-con e-child\" data-id=\"4ef0c02\" data-element_type=\"container\" data-e-type=\"container\">\n\t\t\t\t<div class=\"elementor-element elementor-element-e958094 elementor-widget elementor-widget-image\" data-id=\"e958094\" data-element_type=\"widget\" data-e-type=\"widget\" data-widget_type=\"image.default\">\n\t\t\t\t\t\t\t\t\t\t\t\t\t\t\t<img decoding=\"async\" src=\"https:\/\/cdn.adrionltd.com\/items\/2025\/jul\/30\/jolctfcvrj-0.jpg?1756971767\" title=\"\" alt=\"\" loading=\"lazy\" \/>\t\t\t\t\t\t\t\t\t\t\t\t\t\t\t<\/div>\n\t\t\t\t<\/div>\n\t\t\t\t\t<\/div>\n\t\t\t\t<\/div>\n\t\t<div class=\"elementor-element elementor-element-1dc3e5b e-flex e-con-boxed wpr-particle-no wpr-jarallax-no wpr-parallax-no wpr-sticky-section-no e-con e-parent\" data-id=\"1dc3e5b\" data-element_type=\"container\" data-e-type=\"container\">\n\t\t\t\t\t<div class=\"e-con-inner\">\n\t\t\t\t<div class=\"elementor-element elementor-element-c987507 elementor-widget elementor-widget-html\" data-id=\"c987507\" data-element_type=\"widget\" data-e-type=\"widget\" data-widget_type=\"html.default\">\n\t\t\t\t\t<style>\r\n  .ej-widget {\r\n    display: flex;\r\n    gap: 20px;\r\n    font-family: Helvetica, Arial, sans-serif;\r\n  }\r\n  .ej-widget a {\r\n    display: flex;\r\n    flex-direction: column;\r\n    align-items: center;\r\n    justify-content: center;\r\n    text-decoration: none;\r\n    width: 260px;\r\n    height: 260px;\r\n    border: 2px solid #d0d0d0;\r\n    border-radius: 6px;\r\n    color: #aaa;\r\n    gap: 18px;\r\n    transition: border-color 0.2s, color 0.2s;\r\n  }\r\n  .ej-widget a:hover {\r\n    border-color: #00aeef;\r\n    color: #00aeef;\r\n  }\r\n  .ej-widget svg {\r\n    width: 48px;\r\n    height: 48px;\r\n    stroke: currentColor;\r\n    fill: none;\r\n    stroke-width: 1.5;\r\n  }\r\n  .ej-widget span {\r\n    font-size: 0.8rem;\r\n    letter-spacing: 0.1em;\r\n    text-transform: uppercase;\r\n    font-weight: 600;\r\n    text-align: center;\r\n    line-height: 1.5;\r\n    color: inherit;\r\n  }\r\n<\/style>\r\n\r\n<div class=\"ej-widget\">\r\n\r\n  <a href=\"https:\/\/ejalbum.com\/sq\/category\/exhibition\/\">\r\n    <svg viewbox=\"0 0 24 24\">\r\n      <rect x=\"3\" y=\"3\" width=\"18\" height=\"14\" rx=\"1\"\/>\r\n      <line x1=\"8\" y1=\"21\" x2=\"16\" y2=\"21\"\/>\r\n      <line x1=\"12\" y1=\"17\" x2=\"12\" y2=\"21\"\/>\r\n    <\/svg>\r\n    <span>Ekspozita<\/span>\r\n  <\/a>\r\n\r\n  <a href=\"https:\/\/ejalbum.com\/sq\/category\/project\/\" >\r\n    <svg viewbox=\"0 0 24 24\">\r\n      <circle cx=\"12\" cy=\"12\" r=\"9\"\/>\r\n      <polyline points=\"12 7 12 12 15 15\"\/>\r\n    <\/svg>\r\n    <span>PROJEKTE<br>Afatgjat\u00eb<\/span>\r\n  <\/a>\r\n\r\n<\/div>\t\t\t\t<\/div>\n\t\t\t\t\t<\/div>\n\t\t\t\t<\/div>\n\t\t\t\t<\/div>","protected":false},"excerpt":{"rendered":"<p>https:\/\/vimeo.com\/799788138?share=copy&#038;fl=sv&#038;fe=ci PROJECTS Throughout these years, we have been involved and in contact with art and photography in all its other forms. Thus, alone and in collaboration with our strategic partners, we have created around us and our projects a genuine community with artists, photographers, designers, from all fields, passionate public, etc. We are authors and producers of: \u201cOnufri Remade\u201c \u201cAE Accademy Albania\u201d \u201cHap\u00ebsira Zero Space\u201d \u201cDit\u00ebt e Fotografis\u00eb Italiane n\u00eb Tiran\u00eb\u201d \u201cPhotography Showcase\u201d \u201cBest Photography Award\u201d \u201cFotokamera m\u00eb e mire\u201d \u201cKursi i Fotografis\u00eb Yunus Emre\u201d We have collaborated on visual art events, such as: \u201cTirana International Film Festival\u201c \u201cFOKUS\u201d \u2013 International Artistic Photography Contest \u201cPreFoto\u201d \u2013 International Photography Competition Mediterranea18 TiranaOpen Albanian Pavilion 2018 \u2013 LA Biennale di Venezia Exhibitions Long TermProjects<\/p>","protected":false},"author":1,"featured_media":0,"parent":0,"menu_order":0,"comment_status":"closed","ping_status":"closed","template":"","meta":{"_acf_changed":false,"footnotes":""},"class_list":["post-5441","page","type-page","status-publish","hentry"],"acf":[],"yoast_head":"<!-- This site is optimized with the Yoast SEO Premium plugin v26.9 (Yoast SEO v27.3) - https:\/\/yoast.com\/product\/yoast-seo-premium-wordpress\/ -->\n<title>Projects - Ejalbum<\/title>\n<meta name=\"robots\" content=\"index, follow, max-snippet:-1, max-image-preview:large, max-video-preview:-1\" \/>\n<link rel=\"canonical\" href=\"https:\/\/ejalbum.com\/sq\/projects\/\" \/>\n<meta property=\"og:locale\" content=\"sq_AL\" \/>\n<meta property=\"og:type\" content=\"article\" \/>\n<meta property=\"og:title\" content=\"Projects\" \/>\n<meta property=\"og:description\" content=\"https:\/\/vimeo.com\/799788138?share=copy&#038;fl=sv&#038;fe=ci PROJECTS Throughout these years, we have been involved and in contact with art and photography in all its other forms. Thus, alone and in collaboration with our strategic partners, we have created around us and our projects a genuine community with artists, photographers, designers, from all fields, passionate public, etc. We are authors and producers of: \u201cOnufri Remade\u201c \u201cAE Accademy Albania\u201d \u201cHap\u00ebsira Zero Space\u201d \u201cDit\u00ebt e Fotografis\u00eb Italiane n\u00eb Tiran\u00eb\u201d \u201cPhotography Showcase\u201d \u201cBest Photography Award\u201d \u201cFotokamera m\u00eb e mire\u201d \u201cKursi i Fotografis\u00eb Yunus Emre\u201d We have collaborated on visual art events, such as: \u201cTirana International Film Festival\u201c \u201cFOKUS\u201d \u2013 International Artistic Photography Contest \u201cPreFoto\u201d \u2013 International Photography Competition Mediterranea18 TiranaOpen Albanian Pavilion 2018 \u2013 LA Biennale di Venezia Exhibitions Long TermProjects\" \/>\n<meta property=\"og:url\" content=\"https:\/\/ejalbum.com\/sq\/projects\/\" \/>\n<meta property=\"og:site_name\" content=\"Ejalbum\" \/>\n<meta property=\"article:publisher\" content=\"https:\/\/www.facebook.com\/EJAlbum\/\" \/>\n<meta property=\"article:modified_time\" content=\"2026-03-04T11:52:03+00:00\" \/>\n<meta property=\"og:image\" content=\"https:\/\/cdn.adrionltd.com\/items\/2025\/jul\/30\/jolctfcvrj-0.jpg?1756971767\" \/>\n<meta name=\"twitter:card\" content=\"summary_large_image\" \/>\n<meta name=\"twitter:label1\" content=\"Est. reading time\" \/>\n\t<meta name=\"twitter:data1\" content=\"1 minut\u00eb\" \/>\n<script type=\"application\/ld+json\" class=\"yoast-schema-graph\">{\"@context\":\"https:\\\/\\\/schema.org\",\"@graph\":[{\"@type\":\"WebPage\",\"@id\":\"https:\\\/\\\/ejalbum.com\\\/projects\\\/\",\"url\":\"https:\\\/\\\/ejalbum.com\\\/projects\\\/\",\"name\":\"Projects - Ejalbum\",\"isPartOf\":{\"@id\":\"https:\\\/\\\/ejalbum.com\\\/#website\"},\"primaryImageOfPage\":{\"@id\":\"https:\\\/\\\/ejalbum.com\\\/projects\\\/#primaryimage\"},\"image\":{\"@id\":\"https:\\\/\\\/ejalbum.com\\\/projects\\\/#primaryimage\"},\"thumbnailUrl\":\"https:\\\/\\\/cdn.adrionltd.com\\\/items\\\/2025\\\/jul\\\/30\\\/jolctfcvrj-0.jpg?1756971767\",\"datePublished\":\"2026-03-03T08:57:19+00:00\",\"dateModified\":\"2026-03-04T11:52:03+00:00\",\"breadcrumb\":{\"@id\":\"https:\\\/\\\/ejalbum.com\\\/projects\\\/#breadcrumb\"},\"inLanguage\":\"sq\",\"potentialAction\":[{\"@type\":\"ReadAction\",\"target\":[\"https:\\\/\\\/ejalbum.com\\\/projects\\\/\"]}]},{\"@type\":\"ImageObject\",\"inLanguage\":\"sq\",\"@id\":\"https:\\\/\\\/ejalbum.com\\\/projects\\\/#primaryimage\",\"url\":\"https:\\\/\\\/cdn.adrionltd.com\\\/items\\\/2025\\\/jul\\\/30\\\/jolctfcvrj-0.jpg?1756971767\",\"contentUrl\":\"https:\\\/\\\/cdn.adrionltd.com\\\/items\\\/2025\\\/jul\\\/30\\\/jolctfcvrj-0.jpg?1756971767\"},{\"@type\":\"BreadcrumbList\",\"@id\":\"https:\\\/\\\/ejalbum.com\\\/projects\\\/#breadcrumb\",\"itemListElement\":[{\"@type\":\"ListItem\",\"position\":1,\"name\":\"Home\",\"item\":\"https:\\\/\\\/ejalbum.com\\\/\"},{\"@type\":\"ListItem\",\"position\":2,\"name\":\"Projects\"}]},{\"@type\":\"WebSite\",\"@id\":\"https:\\\/\\\/ejalbum.com\\\/#website\",\"url\":\"https:\\\/\\\/ejalbum.com\\\/\",\"name\":\"Ejalbum\",\"description\":\"Because Emotions Matter\",\"publisher\":{\"@id\":\"https:\\\/\\\/ejalbum.com\\\/#organization\"},\"potentialAction\":[{\"@type\":\"SearchAction\",\"target\":{\"@type\":\"EntryPoint\",\"urlTemplate\":\"https:\\\/\\\/ejalbum.com\\\/?s={search_term_string}\"},\"query-input\":{\"@type\":\"PropertyValueSpecification\",\"valueRequired\":true,\"valueName\":\"search_term_string\"}}],\"inLanguage\":\"sq\"},{\"@type\":\"Organization\",\"@id\":\"https:\\\/\\\/ejalbum.com\\\/#organization\",\"name\":\"Ejalbum\",\"url\":\"https:\\\/\\\/ejalbum.com\\\/\",\"logo\":{\"@type\":\"ImageObject\",\"inLanguage\":\"sq\",\"@id\":\"https:\\\/\\\/ejalbum.com\\\/#\\\/schema\\\/logo\\\/image\\\/\",\"url\":\"https:\\\/\\\/ejalbum.com\\\/wp-content\\\/uploads\\\/2025\\\/12\\\/Logo-EJAlbum-1.png\",\"contentUrl\":\"https:\\\/\\\/ejalbum.com\\\/wp-content\\\/uploads\\\/2025\\\/12\\\/Logo-EJAlbum-1.png\",\"width\":1210,\"height\":358,\"caption\":\"Ejalbum\"},\"image\":{\"@id\":\"https:\\\/\\\/ejalbum.com\\\/#\\\/schema\\\/logo\\\/image\\\/\"},\"sameAs\":[\"https:\\\/\\\/www.facebook.com\\\/EJAlbum\\\/\",\"https:\\\/\\\/www.instagram.com\\\/ejalbum\\\/\",\"https:\\\/\\\/www.youtube.com\\\/user\\\/ejalbum\"]}]}<\/script>\n<!-- \/ Yoast SEO Premium plugin. -->","yoast_head_json":{"title":"Projects - Ejalbum","robots":{"index":"index","follow":"follow","max-snippet":"max-snippet:-1","max-image-preview":"max-image-preview:large","max-video-preview":"max-video-preview:-1"},"canonical":"https:\/\/ejalbum.com\/sq\/projects\/","og_locale":"sq_AL","og_type":"article","og_title":"Projects","og_description":"https:\/\/vimeo.com\/799788138?share=copy&#038;fl=sv&#038;fe=ci PROJECTS Throughout these years, we have been involved and in contact with art and photography in all its other forms. Thus, alone and in collaboration with our strategic partners, we have created around us and our projects a genuine community with artists, photographers, designers, from all fields, passionate public, etc. We are authors and producers of: \u201cOnufri Remade\u201c \u201cAE Accademy Albania\u201d \u201cHap\u00ebsira Zero Space\u201d \u201cDit\u00ebt e Fotografis\u00eb Italiane n\u00eb Tiran\u00eb\u201d \u201cPhotography Showcase\u201d \u201cBest Photography Award\u201d \u201cFotokamera m\u00eb e mire\u201d \u201cKursi i Fotografis\u00eb Yunus Emre\u201d We have collaborated on visual art events, such as: \u201cTirana International Film Festival\u201c \u201cFOKUS\u201d \u2013 International Artistic Photography Contest \u201cPreFoto\u201d \u2013 International Photography Competition Mediterranea18 TiranaOpen Albanian Pavilion 2018 \u2013 LA Biennale di Venezia Exhibitions Long TermProjects","og_url":"https:\/\/ejalbum.com\/sq\/projects\/","og_site_name":"Ejalbum","article_publisher":"https:\/\/www.facebook.com\/EJAlbum\/","article_modified_time":"2026-03-04T11:52:03+00:00","og_image":[{"url":"https:\/\/cdn.adrionltd.com\/items\/2025\/jul\/30\/jolctfcvrj-0.jpg?1756971767","type":"","width":"","height":""}],"twitter_card":"summary_large_image","twitter_misc":{"Est. reading time":"1 minut\u00eb"},"schema":{"@context":"https:\/\/schema.org","@graph":[{"@type":"WebPage","@id":"https:\/\/ejalbum.com\/projects\/","url":"https:\/\/ejalbum.com\/projects\/","name":"Projects - Ejalbum","isPartOf":{"@id":"https:\/\/ejalbum.com\/#website"},"primaryImageOfPage":{"@id":"https:\/\/ejalbum.com\/projects\/#primaryimage"},"image":{"@id":"https:\/\/ejalbum.com\/projects\/#primaryimage"},"thumbnailUrl":"https:\/\/cdn.adrionltd.com\/items\/2025\/jul\/30\/jolctfcvrj-0.jpg?1756971767","datePublished":"2026-03-03T08:57:19+00:00","dateModified":"2026-03-04T11:52:03+00:00","breadcrumb":{"@id":"https:\/\/ejalbum.com\/projects\/#breadcrumb"},"inLanguage":"sq","potentialAction":[{"@type":"ReadAction","target":["https:\/\/ejalbum.com\/projects\/"]}]},{"@type":"ImageObject","inLanguage":"sq","@id":"https:\/\/ejalbum.com\/projects\/#primaryimage","url":"https:\/\/cdn.adrionltd.com\/items\/2025\/jul\/30\/jolctfcvrj-0.jpg?1756971767","contentUrl":"https:\/\/cdn.adrionltd.com\/items\/2025\/jul\/30\/jolctfcvrj-0.jpg?1756971767"},{"@type":"BreadcrumbList","@id":"https:\/\/ejalbum.com\/projects\/#breadcrumb","itemListElement":[{"@type":"ListItem","position":1,"name":"Home","item":"https:\/\/ejalbum.com\/"},{"@type":"ListItem","position":2,"name":"Projects"}]},{"@type":"WebSite","@id":"https:\/\/ejalbum.com\/#website","url":"https:\/\/ejalbum.com\/","name":"Ejalbum","description":"Because Emotions Matter","publisher":{"@id":"https:\/\/ejalbum.com\/#organization"},"potentialAction":[{"@type":"SearchAction","target":{"@type":"EntryPoint","urlTemplate":"https:\/\/ejalbum.com\/?s={search_term_string}"},"query-input":{"@type":"PropertyValueSpecification","valueRequired":true,"valueName":"search_term_string"}}],"inLanguage":"sq"},{"@type":"Organization","@id":"https:\/\/ejalbum.com\/#organization","name":"Ejalbum","url":"https:\/\/ejalbum.com\/","logo":{"@type":"ImageObject","inLanguage":"sq","@id":"https:\/\/ejalbum.com\/#\/schema\/logo\/image\/","url":"https:\/\/ejalbum.com\/wp-content\/uploads\/2025\/12\/Logo-EJAlbum-1.png","contentUrl":"https:\/\/ejalbum.com\/wp-content\/uploads\/2025\/12\/Logo-EJAlbum-1.png","width":1210,"height":358,"caption":"Ejalbum"},"image":{"@id":"https:\/\/ejalbum.com\/#\/schema\/logo\/image\/"},"sameAs":["https:\/\/www.facebook.com\/EJAlbum\/","https:\/\/www.instagram.com\/ejalbum\/","https:\/\/www.youtube.com\/user\/ejalbum"]}]}},"_links":{"self":[{"href":"https:\/\/ejalbum.com\/sq\/wp-json\/wp\/v2\/pages\/5441","targetHints":{"allow":["GET"]}}],"collection":[{"href":"https:\/\/ejalbum.com\/sq\/wp-json\/wp\/v2\/pages"}],"about":[{"href":"https:\/\/ejalbum.com\/sq\/wp-json\/wp\/v2\/types\/page"}],"author":[{"embeddable":true,"href":"https:\/\/ejalbum.com\/sq\/wp-json\/wp\/v2\/users\/1"}],"replies":[{"embeddable":true,"href":"https:\/\/ejalbum.com\/sq\/wp-json\/wp\/v2\/comments?post=5441"}],"version-history":[{"count":34,"href":"https:\/\/ejalbum.com\/sq\/wp-json\/wp\/v2\/pages\/5441\/revisions"}],"predecessor-version":[{"id":5528,"href":"https:\/\/ejalbum.com\/sq\/wp-json\/wp\/v2\/pages\/5441\/revisions\/5528"}],"wp:attachment":[{"href":"https:\/\/ejalbum.com\/sq\/wp-json\/wp\/v2\/media?parent=5441"}],"curies":[{"name":"wp","href":"https:\/\/api.w.org\/{rel}","templated":true}]}}